{"id":654,"date":"2023-11-10T11:03:46","date_gmt":"2023-11-10T16:03:46","guid":{"rendered":"https:\/\/modules.cdrq.devbeet.com\/services-conseils\/commercialisation-et-transformation-numerique\/"},"modified":"2024-03-05T11:02:47","modified_gmt":"2024-03-05T16:02:47","slug":"marketing-and-digital-transformation","status":"publish","type":"page","link":"https:\/\/modules.cdrq.devbeet.com\/en\/consulting-services\/marketing-and-digital-transformation\/","title":{"rendered":"Digital transformation"},"content":{"rendered":"","protected":false},"excerpt":{"rendered":"","protected":false},"author":1,"featured_media":0,"parent":653,"menu_order":0,"comment_status":"closed","ping_status":"closed","template":"","meta":{"_acf_changed":false,"footnotes":""},"class_list":["post-654","page","type-page","status-publish","hentry"],"acf":[],"yoast_head":"<!-- This site is optimized with the Yoast SEO plugin v27.1.1 - https:\/\/yoast.com\/product\/yoast-seo-wordpress\/ -->\n<title>Market development and digital transformation | CDRQ<\/title>\n<meta name=\"description\" content=\"Our range of digital marketing services and tools will boost your collective enterprise&#039;s visibility and help it thrive.\" \/>\n<meta name=\"robots\" content=\"noindex, follow, max-snippet:-1, max-image-preview:large, max-video-preview:-1\" \/>\n<meta property=\"og:locale\" content=\"en_US\" \/>\n<meta property=\"og:type\" content=\"article\" \/>\n<meta property=\"og:title\" content=\"Market development and digital transformation | CDRQ\" \/>\n<meta property=\"og:description\" content=\"Our range of digital marketing services and tools will boost your collective enterprise&#039;s visibility and help it thrive.\" \/>\n<meta property=\"og:url\" content=\"https:\/\/modules.cdrq.devbeet.com\/en\/consulting-services\/marketing-and-digital-transformation\/\" \/>\n<meta property=\"og:site_name\" content=\"CDRQ\" \/>\n<meta property=\"article:modified_time\" content=\"2024-03-05T16:02:47+00:00\" \/>\n<meta name=\"twitter:card\" content=\"summary_large_image\" \/>\n<script type=\"application\/ld+json\" class=\"yoast-schema-graph\">{\"@context\":\"https:\/\/schema.org\",\"@graph\":[{\"@type\":\"WebPage\",\"@id\":\"https:\/\/modules.cdrq.devbeet.com\/en\/consulting-services\/marketing-and-digital-transformation\/\",\"url\":\"https:\/\/modules.cdrq.devbeet.com\/en\/consulting-services\/marketing-and-digital-transformation\/\",\"name\":\"Market development and digital transformation | CDRQ\",\"isPartOf\":{\"@id\":\"https:\/\/modules.cdrq.devbeet.com\/#website\"},\"datePublished\":\"2023-11-10T16:03:46+00:00\",\"dateModified\":\"2024-03-05T16:02:47+00:00\",\"description\":\"Our range of digital marketing services and tools will boost your collective enterprise's visibility and help it thrive.\",\"breadcrumb\":{\"@id\":\"https:\/\/modules.cdrq.devbeet.com\/en\/consulting-services\/marketing-and-digital-transformation\/#breadcrumb\"},\"inLanguage\":\"en-US\",\"potentialAction\":[{\"@type\":\"ReadAction\",\"target\":[\"https:\/\/modules.cdrq.devbeet.com\/en\/consulting-services\/marketing-and-digital-transformation\/\"]}]},{\"@type\":\"BreadcrumbList\",\"@id\":\"https:\/\/modules.cdrq.devbeet.com\/en\/consulting-services\/marketing-and-digital-transformation\/#breadcrumb\",\"itemListElement\":[{\"@type\":\"ListItem\",\"position\":1,\"name\":\"Home\",\"item\":\"https:\/\/modules.cdrq.devbeet.com\/en\/\"},{\"@type\":\"ListItem\",\"position\":2,\"name\":\"Consulting services\",\"item\":\"https:\/\/modules.cdrq.devbeet.com\/en\/consulting-services\/\"},{\"@type\":\"ListItem\",\"position\":3,\"name\":\"Digital transformation\"}]},{\"@type\":\"WebSite\",\"@id\":\"https:\/\/modules.cdrq.devbeet.com\/#website\",\"url\":\"https:\/\/modules.cdrq.devbeet.com\/\",\"name\":\"Coop\u00e9rative de d\u00e9veloppement r\u00e9gional du Qu\u00e9bec\",\"description\":\"The CDRQ offers supervision, support and expertise in supporting collective businesses that is unique in Quebec.\",\"publisher\":{\"@id\":\"https:\/\/modules.cdrq.devbeet.com\/#organization\"},\"alternateName\":\"CDRQ\",\"potentialAction\":[{\"@type\":\"SearchAction\",\"target\":{\"@type\":\"EntryPoint\",\"urlTemplate\":\"https:\/\/modules.cdrq.devbeet.com\/?s={search_term_string}\"},\"query-input\":{\"@type\":\"PropertyValueSpecification\",\"valueRequired\":true,\"valueName\":\"search_term_string\"}}],\"inLanguage\":\"en-US\"},{\"@type\":\"Organization\",\"@id\":\"https:\/\/modules.cdrq.devbeet.com\/#organization\",\"name\":\"Coop\u00e9rative de d\u00e9veloppement r\u00e9gional du Qu\u00e9bec\",\"alternateName\":\"CDRQ\",\"url\":\"https:\/\/modules.cdrq.devbeet.com\/\",\"logo\":{\"@type\":\"ImageObject\",\"inLanguage\":\"en-US\",\"@id\":\"https:\/\/modules.cdrq.devbeet.com\/#\/schema\/logo\/image\/\",\"url\":\"https:\/\/assets.boitebeet.com\/cdrq\/dev\/public\/uploads\/2023\/11\/cdrq-favicon.png\",\"contentUrl\":\"https:\/\/assets.boitebeet.com\/cdrq\/dev\/public\/uploads\/2023\/11\/cdrq-favicon.png\",\"width\":180,\"height\":180,\"caption\":\"Coop\u00e9rative de d\u00e9veloppement r\u00e9gional du Qu\u00e9bec\"},\"image\":{\"@id\":\"https:\/\/modules.cdrq.devbeet.com\/#\/schema\/logo\/image\/\"}}]}<\/script>\n<!-- \/ Yoast SEO plugin. -->","yoast_head_json":{"title":"Market development and digital transformation | CDRQ","description":"Our range of digital marketing services and tools will boost your collective enterprise's visibility and help it thrive.","robots":{"index":"noindex","follow":"follow","max-snippet":"max-snippet:-1","max-image-preview":"max-image-preview:large","max-video-preview":"max-video-preview:-1"},"og_locale":"en_US","og_type":"article","og_title":"Market development and digital transformation | CDRQ","og_description":"Our range of digital marketing services and tools will boost your collective enterprise's visibility and help it thrive.","og_url":"https:\/\/modules.cdrq.devbeet.com\/en\/consulting-services\/marketing-and-digital-transformation\/","og_site_name":"CDRQ","article_modified_time":"2024-03-05T16:02:47+00:00","twitter_card":"summary_large_image","schema":{"@context":"https:\/\/schema.org","@graph":[{"@type":"WebPage","@id":"https:\/\/modules.cdrq.devbeet.com\/en\/consulting-services\/marketing-and-digital-transformation\/","url":"https:\/\/modules.cdrq.devbeet.com\/en\/consulting-services\/marketing-and-digital-transformation\/","name":"Market development and digital transformation | CDRQ","isPartOf":{"@id":"https:\/\/modules.cdrq.devbeet.com\/#website"},"datePublished":"2023-11-10T16:03:46+00:00","dateModified":"2024-03-05T16:02:47+00:00","description":"Our range of digital marketing services and tools will boost your collective enterprise's visibility and help it thrive.","breadcrumb":{"@id":"https:\/\/modules.cdrq.devbeet.com\/en\/consulting-services\/marketing-and-digital-transformation\/#breadcrumb"},"inLanguage":"en-US","potentialAction":[{"@type":"ReadAction","target":["https:\/\/modules.cdrq.devbeet.com\/en\/consulting-services\/marketing-and-digital-transformation\/"]}]},{"@type":"BreadcrumbList","@id":"https:\/\/modules.cdrq.devbeet.com\/en\/consulting-services\/marketing-and-digital-transformation\/#breadcrumb","itemListElement":[{"@type":"ListItem","position":1,"name":"Home","item":"https:\/\/modules.cdrq.devbeet.com\/en\/"},{"@type":"ListItem","position":2,"name":"Consulting services","item":"https:\/\/modules.cdrq.devbeet.com\/en\/consulting-services\/"},{"@type":"ListItem","position":3,"name":"Digital transformation"}]},{"@type":"WebSite","@id":"https:\/\/modules.cdrq.devbeet.com\/#website","url":"https:\/\/modules.cdrq.devbeet.com\/","name":"Coop\u00e9rative de d\u00e9veloppement r\u00e9gional du Qu\u00e9bec","description":"The CDRQ offers supervision, support and expertise in supporting collective businesses that is unique in Quebec.","publisher":{"@id":"https:\/\/modules.cdrq.devbeet.com\/#organization"},"alternateName":"CDRQ","potentialAction":[{"@type":"SearchAction","target":{"@type":"EntryPoint","urlTemplate":"https:\/\/modules.cdrq.devbeet.com\/?s={search_term_string}"},"query-input":{"@type":"PropertyValueSpecification","valueRequired":true,"valueName":"search_term_string"}}],"inLanguage":"en-US"},{"@type":"Organization","@id":"https:\/\/modules.cdrq.devbeet.com\/#organization","name":"Coop\u00e9rative de d\u00e9veloppement r\u00e9gional du Qu\u00e9bec","alternateName":"CDRQ","url":"https:\/\/modules.cdrq.devbeet.com\/","logo":{"@type":"ImageObject","inLanguage":"en-US","@id":"https:\/\/modules.cdrq.devbeet.com\/#\/schema\/logo\/image\/","url":"https:\/\/assets.boitebeet.com\/cdrq\/dev\/public\/uploads\/2023\/11\/cdrq-favicon.png","contentUrl":"https:\/\/assets.boitebeet.com\/cdrq\/dev\/public\/uploads\/2023\/11\/cdrq-favicon.png","width":180,"height":180,"caption":"Coop\u00e9rative de d\u00e9veloppement r\u00e9gional du Qu\u00e9bec"},"image":{"@id":"https:\/\/modules.cdrq.devbeet.com\/#\/schema\/logo\/image\/"}}]}},"_links":{"self":[{"href":"https:\/\/modules.cdrq.devbeet.com\/en\/wp-json\/wp\/v2\/pages\/654","targetHints":{"allow":["GET"]}}],"collection":[{"href":"https:\/\/modules.cdrq.devbeet.com\/en\/wp-json\/wp\/v2\/pages"}],"about":[{"href":"https:\/\/modules.cdrq.devbeet.com\/en\/wp-json\/wp\/v2\/types\/page"}],"author":[{"embeddable":true,"href":"https:\/\/modules.cdrq.devbeet.com\/en\/wp-json\/wp\/v2\/users\/1"}],"replies":[{"embeddable":true,"href":"https:\/\/modules.cdrq.devbeet.com\/en\/wp-json\/wp\/v2\/comments?post=654"}],"version-history":[{"count":18,"href":"https:\/\/modules.cdrq.devbeet.com\/en\/wp-json\/wp\/v2\/pages\/654\/revisions"}],"predecessor-version":[{"id":8282,"href":"https:\/\/modules.cdrq.devbeet.com\/en\/wp-json\/wp\/v2\/pages\/654\/revisions\/8282"}],"up":[{"embeddable":true,"href":"https:\/\/modules.cdrq.devbeet.com\/en\/wp-json\/wp\/v2\/pages\/653"}],"wp:attachment":[{"href":"https:\/\/modules.cdrq.devbeet.com\/en\/wp-json\/wp\/v2\/media?parent=654"}],"curies":[{"name":"wp","href":"https:\/\/api.w.org\/{rel}","templated":true}]}}