{"id":643,"date":"2023-11-10T11:04:19","date_gmt":"2023-11-10T16:04:19","guid":{"rendered":"https:\/\/modules.cdrq.devbeet.com\/articles-et-outils\/"},"modified":"2025-09-10T12:52:49","modified_gmt":"2025-09-10T16:52:49","slug":"glance","status":"publish","type":"page","link":"https:\/\/modules.cdrq.devbeet.com\/en\/glance\/","title":{"rendered":"Glance"},"content":{"rendered":"","protected":false},"excerpt":{"rendered":"","protected":false},"author":1,"featured_media":8252,"parent":0,"menu_order":0,"comment_status":"closed","ping_status":"closed","template":"template-new-blog.php","meta":{"_acf_changed":false,"footnotes":""},"class_list":["post-643","page","type-page","status-publish","has-post-thumbnail","hentry"],"acf":[],"yoast_head":"<!-- This site is optimized with the Yoast SEO plugin v27.1.1 - https:\/\/yoast.com\/product\/yoast-seo-wordpress\/ -->\n<title>Glance - CDRQ<\/title>\n<meta name=\"robots\" content=\"noindex, follow, max-snippet:-1, max-image-preview:large, max-video-preview:-1\" \/>\n<meta property=\"og:locale\" content=\"en_US\" \/>\n<meta property=\"og:type\" content=\"article\" \/>\n<meta property=\"og:title\" content=\"Glance - CDRQ\" \/>\n<meta property=\"og:url\" content=\"https:\/\/modules.cdrq.devbeet.com\/en\/glance\/\" \/>\n<meta property=\"og:site_name\" content=\"CDRQ\" \/>\n<meta property=\"article:modified_time\" content=\"2025-09-10T16:52:49+00:00\" \/>\n<meta property=\"og:image\" content=\"https:\/\/modules.cdrq.devbeet.com\/app\/uploads\/2024\/02\/rachetez.1900.jpg\" \/>\n\t<meta property=\"og:image:width\" content=\"1440\" \/>\n\t<meta property=\"og:image:height\" content=\"810\" \/>\n\t<meta property=\"og:image:type\" content=\"image\/jpeg\" \/>\n<meta name=\"twitter:card\" content=\"summary_large_image\" \/>\n<meta name=\"twitter:label1\" content=\"Est. reading time\" \/>\n\t<meta name=\"twitter:data1\" content=\"1 minute\" \/>\n<script type=\"application\/ld+json\" class=\"yoast-schema-graph\">{\"@context\":\"https:\/\/schema.org\",\"@graph\":[{\"@type\":\"WebPage\",\"@id\":\"https:\/\/modules.cdrq.devbeet.com\/en\/glance\/\",\"url\":\"https:\/\/modules.cdrq.devbeet.com\/en\/glance\/\",\"name\":\"Glance - CDRQ\",\"isPartOf\":{\"@id\":\"https:\/\/modules.cdrq.devbeet.com\/#website\"},\"primaryImageOfPage\":{\"@id\":\"https:\/\/modules.cdrq.devbeet.com\/en\/glance\/#primaryimage\"},\"image\":{\"@id\":\"https:\/\/modules.cdrq.devbeet.com\/en\/glance\/#primaryimage\"},\"thumbnailUrl\":\"https:\/\/assets.boitebeet.com\/cdrq\/dev\/public\/uploads\/2024\/02\/rachetez.1900.jpg\",\"datePublished\":\"2023-11-10T16:04:19+00:00\",\"dateModified\":\"2025-09-10T16:52:49+00:00\",\"breadcrumb\":{\"@id\":\"https:\/\/modules.cdrq.devbeet.com\/en\/glance\/#breadcrumb\"},\"inLanguage\":\"en-US\",\"potentialAction\":[{\"@type\":\"ReadAction\",\"target\":[\"https:\/\/modules.cdrq.devbeet.com\/en\/glance\/\"]}]},{\"@type\":\"ImageObject\",\"inLanguage\":\"en-US\",\"@id\":\"https:\/\/modules.cdrq.devbeet.com\/en\/glance\/#primaryimage\",\"url\":\"https:\/\/assets.boitebeet.com\/cdrq\/dev\/public\/uploads\/2024\/02\/rachetez.1900.jpg\",\"contentUrl\":\"https:\/\/assets.boitebeet.com\/cdrq\/dev\/public\/uploads\/2024\/02\/rachetez.1900.jpg\",\"width\":1440,\"height\":810,\"caption\":\"Rachetez ou transf\u00e9rez une entreprise en mode collectif\"},{\"@type\":\"BreadcrumbList\",\"@id\":\"https:\/\/modules.cdrq.devbeet.com\/en\/glance\/#breadcrumb\",\"itemListElement\":[{\"@type\":\"ListItem\",\"position\":1,\"name\":\"Home\",\"item\":\"https:\/\/modules.cdrq.devbeet.com\/en\/\"},{\"@type\":\"ListItem\",\"position\":2,\"name\":\"Glance\"}]},{\"@type\":\"WebSite\",\"@id\":\"https:\/\/modules.cdrq.devbeet.com\/#website\",\"url\":\"https:\/\/modules.cdrq.devbeet.com\/\",\"name\":\"Coop\u00e9rative de d\u00e9veloppement r\u00e9gional du Qu\u00e9bec\",\"description\":\"The CDRQ offers supervision, support and expertise in supporting collective businesses that is unique in Quebec.\",\"publisher\":{\"@id\":\"https:\/\/modules.cdrq.devbeet.com\/#organization\"},\"alternateName\":\"CDRQ\",\"potentialAction\":[{\"@type\":\"SearchAction\",\"target\":{\"@type\":\"EntryPoint\",\"urlTemplate\":\"https:\/\/modules.cdrq.devbeet.com\/?s={search_term_string}\"},\"query-input\":{\"@type\":\"PropertyValueSpecification\",\"valueRequired\":true,\"valueName\":\"search_term_string\"}}],\"inLanguage\":\"en-US\"},{\"@type\":\"Organization\",\"@id\":\"https:\/\/modules.cdrq.devbeet.com\/#organization\",\"name\":\"Coop\u00e9rative de d\u00e9veloppement r\u00e9gional du Qu\u00e9bec\",\"alternateName\":\"CDRQ\",\"url\":\"https:\/\/modules.cdrq.devbeet.com\/\",\"logo\":{\"@type\":\"ImageObject\",\"inLanguage\":\"en-US\",\"@id\":\"https:\/\/modules.cdrq.devbeet.com\/#\/schema\/logo\/image\/\",\"url\":\"https:\/\/assets.boitebeet.com\/cdrq\/dev\/public\/uploads\/2023\/11\/cdrq-favicon.png\",\"contentUrl\":\"https:\/\/assets.boitebeet.com\/cdrq\/dev\/public\/uploads\/2023\/11\/cdrq-favicon.png\",\"width\":180,\"height\":180,\"caption\":\"Coop\u00e9rative de d\u00e9veloppement r\u00e9gional du Qu\u00e9bec\"},\"image\":{\"@id\":\"https:\/\/modules.cdrq.devbeet.com\/#\/schema\/logo\/image\/\"}}]}<\/script>\n<!-- \/ Yoast SEO plugin. -->","yoast_head_json":{"title":"Glance - CDRQ","robots":{"index":"noindex","follow":"follow","max-snippet":"max-snippet:-1","max-image-preview":"max-image-preview:large","max-video-preview":"max-video-preview:-1"},"og_locale":"en_US","og_type":"article","og_title":"Glance - CDRQ","og_url":"https:\/\/modules.cdrq.devbeet.com\/en\/glance\/","og_site_name":"CDRQ","article_modified_time":"2025-09-10T16:52:49+00:00","og_image":[{"width":1440,"height":810,"url":"https:\/\/modules.cdrq.devbeet.com\/app\/uploads\/2024\/02\/rachetez.1900.jpg","type":"image\/jpeg"}],"twitter_card":"summary_large_image","twitter_misc":{"Est. reading time":"1 minute"},"schema":{"@context":"https:\/\/schema.org","@graph":[{"@type":"WebPage","@id":"https:\/\/modules.cdrq.devbeet.com\/en\/glance\/","url":"https:\/\/modules.cdrq.devbeet.com\/en\/glance\/","name":"Glance - CDRQ","isPartOf":{"@id":"https:\/\/modules.cdrq.devbeet.com\/#website"},"primaryImageOfPage":{"@id":"https:\/\/modules.cdrq.devbeet.com\/en\/glance\/#primaryimage"},"image":{"@id":"https:\/\/modules.cdrq.devbeet.com\/en\/glance\/#primaryimage"},"thumbnailUrl":"https:\/\/assets.boitebeet.com\/cdrq\/dev\/public\/uploads\/2024\/02\/rachetez.1900.jpg","datePublished":"2023-11-10T16:04:19+00:00","dateModified":"2025-09-10T16:52:49+00:00","breadcrumb":{"@id":"https:\/\/modules.cdrq.devbeet.com\/en\/glance\/#breadcrumb"},"inLanguage":"en-US","potentialAction":[{"@type":"ReadAction","target":["https:\/\/modules.cdrq.devbeet.com\/en\/glance\/"]}]},{"@type":"ImageObject","inLanguage":"en-US","@id":"https:\/\/modules.cdrq.devbeet.com\/en\/glance\/#primaryimage","url":"https:\/\/assets.boitebeet.com\/cdrq\/dev\/public\/uploads\/2024\/02\/rachetez.1900.jpg","contentUrl":"https:\/\/assets.boitebeet.com\/cdrq\/dev\/public\/uploads\/2024\/02\/rachetez.1900.jpg","width":1440,"height":810,"caption":"Rachetez ou transf\u00e9rez une entreprise en mode collectif"},{"@type":"BreadcrumbList","@id":"https:\/\/modules.cdrq.devbeet.com\/en\/glance\/#breadcrumb","itemListElement":[{"@type":"ListItem","position":1,"name":"Home","item":"https:\/\/modules.cdrq.devbeet.com\/en\/"},{"@type":"ListItem","position":2,"name":"Glance"}]},{"@type":"WebSite","@id":"https:\/\/modules.cdrq.devbeet.com\/#website","url":"https:\/\/modules.cdrq.devbeet.com\/","name":"Coop\u00e9rative de d\u00e9veloppement r\u00e9gional du Qu\u00e9bec","description":"The CDRQ offers supervision, support and expertise in supporting collective businesses that is unique in Quebec.","publisher":{"@id":"https:\/\/modules.cdrq.devbeet.com\/#organization"},"alternateName":"CDRQ","potentialAction":[{"@type":"SearchAction","target":{"@type":"EntryPoint","urlTemplate":"https:\/\/modules.cdrq.devbeet.com\/?s={search_term_string}"},"query-input":{"@type":"PropertyValueSpecification","valueRequired":true,"valueName":"search_term_string"}}],"inLanguage":"en-US"},{"@type":"Organization","@id":"https:\/\/modules.cdrq.devbeet.com\/#organization","name":"Coop\u00e9rative de d\u00e9veloppement r\u00e9gional du Qu\u00e9bec","alternateName":"CDRQ","url":"https:\/\/modules.cdrq.devbeet.com\/","logo":{"@type":"ImageObject","inLanguage":"en-US","@id":"https:\/\/modules.cdrq.devbeet.com\/#\/schema\/logo\/image\/","url":"https:\/\/assets.boitebeet.com\/cdrq\/dev\/public\/uploads\/2023\/11\/cdrq-favicon.png","contentUrl":"https:\/\/assets.boitebeet.com\/cdrq\/dev\/public\/uploads\/2023\/11\/cdrq-favicon.png","width":180,"height":180,"caption":"Coop\u00e9rative de d\u00e9veloppement r\u00e9gional du Qu\u00e9bec"},"image":{"@id":"https:\/\/modules.cdrq.devbeet.com\/#\/schema\/logo\/image\/"}}]}},"_links":{"self":[{"href":"https:\/\/modules.cdrq.devbeet.com\/en\/wp-json\/wp\/v2\/pages\/643","targetHints":{"allow":["GET"]}}],"collection":[{"href":"https:\/\/modules.cdrq.devbeet.com\/en\/wp-json\/wp\/v2\/pages"}],"about":[{"href":"https:\/\/modules.cdrq.devbeet.com\/en\/wp-json\/wp\/v2\/types\/page"}],"author":[{"embeddable":true,"href":"https:\/\/modules.cdrq.devbeet.com\/en\/wp-json\/wp\/v2\/users\/1"}],"replies":[{"embeddable":true,"href":"https:\/\/modules.cdrq.devbeet.com\/en\/wp-json\/wp\/v2\/comments?post=643"}],"version-history":[{"count":5,"href":"https:\/\/modules.cdrq.devbeet.com\/en\/wp-json\/wp\/v2\/pages\/643\/revisions"}],"predecessor-version":[{"id":9161,"href":"https:\/\/modules.cdrq.devbeet.com\/en\/wp-json\/wp\/v2\/pages\/643\/revisions\/9161"}],"wp:featuredmedia":[{"embeddable":true,"href":"https:\/\/modules.cdrq.devbeet.com\/en\/wp-json\/wp\/v2\/media\/8252"}],"wp:attachment":[{"href":"https:\/\/modules.cdrq.devbeet.com\/en\/wp-json\/wp\/v2\/media?parent=643"}],"curies":[{"name":"wp","href":"https:\/\/api.w.org\/{rel}","templated":true}]}}