{"id":639,"date":"2023-11-06T12:56:22","date_gmt":"2023-11-06T17:56:22","guid":{"rendered":"https:\/\/modules.cdrq.devbeet.com\/accueil\/"},"modified":"2024-03-11T14:49:22","modified_gmt":"2024-03-11T18:49:22","slug":"accueil","status":"publish","type":"page","link":"https:\/\/modules.cdrq.devbeet.com\/en\/","title":{"rendered":"Home"},"content":{"rendered":"","protected":false},"excerpt":{"rendered":"","protected":false},"author":1,"featured_media":601,"parent":0,"menu_order":0,"comment_status":"closed","ping_status":"closed","template":"","meta":{"_acf_changed":false,"footnotes":""},"class_list":["post-639","page","type-page","status-publish","has-post-thumbnail","hentry"],"acf":[],"yoast_head":"<!-- This site is optimized with the Yoast SEO plugin v27.1.1 - https:\/\/yoast.com\/product\/yoast-seo-wordpress\/ -->\n<title>The Coop\u00e9rative de d\u00e9veloppement r\u00e9gional du Qu\u00e9bec (CDRQ)<\/title>\n<meta name=\"description\" content=\"The Coop\u00e9rative de d\u00e9veloppement r\u00e9gional du Qu\u00e9bec (CDRQ) offers collective enterprises guidance and expertise that is unique in Quebec.\" \/>\n<meta name=\"robots\" content=\"noindex, follow, max-snippet:-1, max-image-preview:large, max-video-preview:-1\" \/>\n<meta property=\"og:locale\" content=\"en_US\" \/>\n<meta property=\"og:type\" content=\"article\" \/>\n<meta property=\"og:title\" content=\"The Coop\u00e9rative de d\u00e9veloppement r\u00e9gional du Qu\u00e9bec (CDRQ)\" \/>\n<meta property=\"og:description\" content=\"The Coop\u00e9rative de d\u00e9veloppement r\u00e9gional du Qu\u00e9bec (CDRQ) offers collective enterprises guidance and expertise that is unique in Quebec.\" \/>\n<meta property=\"og:url\" content=\"https:\/\/modules.cdrq.devbeet.com\/en\/\" \/>\n<meta property=\"og:site_name\" content=\"CDRQ\" \/>\n<meta property=\"article:modified_time\" content=\"2024-03-11T18:49:22+00:00\" \/>\n<meta property=\"og:image\" content=\"https:\/\/modules.cdrq.devbeet.com\/app\/uploads\/2023\/11\/x-pexels-fauxels-3182781.jpg\" \/>\n\t<meta property=\"og:image:width\" content=\"2000\" \/>\n\t<meta property=\"og:image:height\" content=\"1335\" \/>\n\t<meta property=\"og:image:type\" content=\"image\/jpeg\" \/>\n<meta name=\"twitter:card\" content=\"summary_large_image\" \/>\n<script type=\"application\/ld+json\" class=\"yoast-schema-graph\">{\"@context\":\"https:\/\/schema.org\",\"@graph\":[{\"@type\":\"WebPage\",\"@id\":\"https:\/\/modules.cdrq.devbeet.com\/en\/\",\"url\":\"https:\/\/modules.cdrq.devbeet.com\/en\/\",\"name\":\"The Coop\u00e9rative de d\u00e9veloppement r\u00e9gional du Qu\u00e9bec (CDRQ)\",\"isPartOf\":{\"@id\":\"https:\/\/modules.cdrq.devbeet.com\/#website\"},\"primaryImageOfPage\":{\"@id\":\"https:\/\/modules.cdrq.devbeet.com\/en\/#primaryimage\"},\"image\":{\"@id\":\"https:\/\/modules.cdrq.devbeet.com\/en\/#primaryimage\"},\"thumbnailUrl\":\"https:\/\/assets.boitebeet.com\/cdrq\/dev\/public\/uploads\/2023\/11\/x-pexels-fauxels-3182781.jpg\",\"datePublished\":\"2023-11-06T17:56:22+00:00\",\"dateModified\":\"2024-03-11T18:49:22+00:00\",\"description\":\"The Coop\u00e9rative de d\u00e9veloppement r\u00e9gional du Qu\u00e9bec (CDRQ) offers collective enterprises guidance and expertise that is unique in Quebec.\",\"breadcrumb\":{\"@id\":\"https:\/\/modules.cdrq.devbeet.com\/en\/#breadcrumb\"},\"inLanguage\":\"en-US\",\"potentialAction\":[{\"@type\":\"ReadAction\",\"target\":[\"https:\/\/modules.cdrq.devbeet.com\/en\/\"]}]},{\"@type\":\"ImageObject\",\"inLanguage\":\"en-US\",\"@id\":\"https:\/\/modules.cdrq.devbeet.com\/en\/#primaryimage\",\"url\":\"https:\/\/assets.boitebeet.com\/cdrq\/dev\/public\/uploads\/2023\/11\/x-pexels-fauxels-3182781.jpg\",\"contentUrl\":\"https:\/\/assets.boitebeet.com\/cdrq\/dev\/public\/uploads\/2023\/11\/x-pexels-fauxels-3182781.jpg\",\"width\":2000,\"height\":1335},{\"@type\":\"BreadcrumbList\",\"@id\":\"https:\/\/modules.cdrq.devbeet.com\/en\/#breadcrumb\",\"itemListElement\":[{\"@type\":\"ListItem\",\"position\":1,\"name\":\"Home\",\"item\":\"https:\/\/modules.cdrq.devbeet.com\/en\/\"},{\"@type\":\"ListItem\",\"position\":2,\"name\":\"Home\"}]},{\"@type\":\"WebSite\",\"@id\":\"https:\/\/modules.cdrq.devbeet.com\/#website\",\"url\":\"https:\/\/modules.cdrq.devbeet.com\/\",\"name\":\"Coop\u00e9rative de d\u00e9veloppement r\u00e9gional du Qu\u00e9bec\",\"description\":\"The CDRQ offers supervision, support and expertise in supporting collective businesses that is unique in Quebec.\",\"publisher\":{\"@id\":\"https:\/\/modules.cdrq.devbeet.com\/#organization\"},\"alternateName\":\"CDRQ\",\"potentialAction\":[{\"@type\":\"SearchAction\",\"target\":{\"@type\":\"EntryPoint\",\"urlTemplate\":\"https:\/\/modules.cdrq.devbeet.com\/?s={search_term_string}\"},\"query-input\":{\"@type\":\"PropertyValueSpecification\",\"valueRequired\":true,\"valueName\":\"search_term_string\"}}],\"inLanguage\":\"en-US\"},{\"@type\":\"Organization\",\"@id\":\"https:\/\/modules.cdrq.devbeet.com\/#organization\",\"name\":\"Coop\u00e9rative de d\u00e9veloppement r\u00e9gional du Qu\u00e9bec\",\"alternateName\":\"CDRQ\",\"url\":\"https:\/\/modules.cdrq.devbeet.com\/\",\"logo\":{\"@type\":\"ImageObject\",\"inLanguage\":\"en-US\",\"@id\":\"https:\/\/modules.cdrq.devbeet.com\/#\/schema\/logo\/image\/\",\"url\":\"https:\/\/assets.boitebeet.com\/cdrq\/dev\/public\/uploads\/2023\/11\/cdrq-favicon.png\",\"contentUrl\":\"https:\/\/assets.boitebeet.com\/cdrq\/dev\/public\/uploads\/2023\/11\/cdrq-favicon.png\",\"width\":180,\"height\":180,\"caption\":\"Coop\u00e9rative de d\u00e9veloppement r\u00e9gional du Qu\u00e9bec\"},\"image\":{\"@id\":\"https:\/\/modules.cdrq.devbeet.com\/#\/schema\/logo\/image\/\"}}]}<\/script>\n<!-- \/ Yoast SEO plugin. -->","yoast_head_json":{"title":"The Coop\u00e9rative de d\u00e9veloppement r\u00e9gional du Qu\u00e9bec (CDRQ)","description":"The Coop\u00e9rative de d\u00e9veloppement r\u00e9gional du Qu\u00e9bec (CDRQ) offers collective enterprises guidance and expertise that is unique in Quebec.","robots":{"index":"noindex","follow":"follow","max-snippet":"max-snippet:-1","max-image-preview":"max-image-preview:large","max-video-preview":"max-video-preview:-1"},"og_locale":"en_US","og_type":"article","og_title":"The Coop\u00e9rative de d\u00e9veloppement r\u00e9gional du Qu\u00e9bec (CDRQ)","og_description":"The Coop\u00e9rative de d\u00e9veloppement r\u00e9gional du Qu\u00e9bec (CDRQ) offers collective enterprises guidance and expertise that is unique in Quebec.","og_url":"https:\/\/modules.cdrq.devbeet.com\/en\/","og_site_name":"CDRQ","article_modified_time":"2024-03-11T18:49:22+00:00","og_image":[{"width":2000,"height":1335,"url":"https:\/\/modules.cdrq.devbeet.com\/app\/uploads\/2023\/11\/x-pexels-fauxels-3182781.jpg","type":"image\/jpeg"}],"twitter_card":"summary_large_image","schema":{"@context":"https:\/\/schema.org","@graph":[{"@type":"WebPage","@id":"https:\/\/modules.cdrq.devbeet.com\/en\/","url":"https:\/\/modules.cdrq.devbeet.com\/en\/","name":"The Coop\u00e9rative de d\u00e9veloppement r\u00e9gional du Qu\u00e9bec (CDRQ)","isPartOf":{"@id":"https:\/\/modules.cdrq.devbeet.com\/#website"},"primaryImageOfPage":{"@id":"https:\/\/modules.cdrq.devbeet.com\/en\/#primaryimage"},"image":{"@id":"https:\/\/modules.cdrq.devbeet.com\/en\/#primaryimage"},"thumbnailUrl":"https:\/\/assets.boitebeet.com\/cdrq\/dev\/public\/uploads\/2023\/11\/x-pexels-fauxels-3182781.jpg","datePublished":"2023-11-06T17:56:22+00:00","dateModified":"2024-03-11T18:49:22+00:00","description":"The Coop\u00e9rative de d\u00e9veloppement r\u00e9gional du Qu\u00e9bec (CDRQ) offers collective enterprises guidance and expertise that is unique in Quebec.","breadcrumb":{"@id":"https:\/\/modules.cdrq.devbeet.com\/en\/#breadcrumb"},"inLanguage":"en-US","potentialAction":[{"@type":"ReadAction","target":["https:\/\/modules.cdrq.devbeet.com\/en\/"]}]},{"@type":"ImageObject","inLanguage":"en-US","@id":"https:\/\/modules.cdrq.devbeet.com\/en\/#primaryimage","url":"https:\/\/assets.boitebeet.com\/cdrq\/dev\/public\/uploads\/2023\/11\/x-pexels-fauxels-3182781.jpg","contentUrl":"https:\/\/assets.boitebeet.com\/cdrq\/dev\/public\/uploads\/2023\/11\/x-pexels-fauxels-3182781.jpg","width":2000,"height":1335},{"@type":"BreadcrumbList","@id":"https:\/\/modules.cdrq.devbeet.com\/en\/#breadcrumb","itemListElement":[{"@type":"ListItem","position":1,"name":"Home","item":"https:\/\/modules.cdrq.devbeet.com\/en\/"},{"@type":"ListItem","position":2,"name":"Home"}]},{"@type":"WebSite","@id":"https:\/\/modules.cdrq.devbeet.com\/#website","url":"https:\/\/modules.cdrq.devbeet.com\/","name":"Coop\u00e9rative de d\u00e9veloppement r\u00e9gional du Qu\u00e9bec","description":"The CDRQ offers supervision, support and expertise in supporting collective businesses that is unique in Quebec.","publisher":{"@id":"https:\/\/modules.cdrq.devbeet.com\/#organization"},"alternateName":"CDRQ","potentialAction":[{"@type":"SearchAction","target":{"@type":"EntryPoint","urlTemplate":"https:\/\/modules.cdrq.devbeet.com\/?s={search_term_string}"},"query-input":{"@type":"PropertyValueSpecification","valueRequired":true,"valueName":"search_term_string"}}],"inLanguage":"en-US"},{"@type":"Organization","@id":"https:\/\/modules.cdrq.devbeet.com\/#organization","name":"Coop\u00e9rative de d\u00e9veloppement r\u00e9gional du Qu\u00e9bec","alternateName":"CDRQ","url":"https:\/\/modules.cdrq.devbeet.com\/","logo":{"@type":"ImageObject","inLanguage":"en-US","@id":"https:\/\/modules.cdrq.devbeet.com\/#\/schema\/logo\/image\/","url":"https:\/\/assets.boitebeet.com\/cdrq\/dev\/public\/uploads\/2023\/11\/cdrq-favicon.png","contentUrl":"https:\/\/assets.boitebeet.com\/cdrq\/dev\/public\/uploads\/2023\/11\/cdrq-favicon.png","width":180,"height":180,"caption":"Coop\u00e9rative de d\u00e9veloppement r\u00e9gional du Qu\u00e9bec"},"image":{"@id":"https:\/\/modules.cdrq.devbeet.com\/#\/schema\/logo\/image\/"}}]}},"_links":{"self":[{"href":"https:\/\/modules.cdrq.devbeet.com\/en\/wp-json\/wp\/v2\/pages\/639","targetHints":{"allow":["GET"]}}],"collection":[{"href":"https:\/\/modules.cdrq.devbeet.com\/en\/wp-json\/wp\/v2\/pages"}],"about":[{"href":"https:\/\/modules.cdrq.devbeet.com\/en\/wp-json\/wp\/v2\/types\/page"}],"author":[{"embeddable":true,"href":"https:\/\/modules.cdrq.devbeet.com\/en\/wp-json\/wp\/v2\/users\/1"}],"replies":[{"embeddable":true,"href":"https:\/\/modules.cdrq.devbeet.com\/en\/wp-json\/wp\/v2\/comments?post=639"}],"version-history":[{"count":19,"href":"https:\/\/modules.cdrq.devbeet.com\/en\/wp-json\/wp\/v2\/pages\/639\/revisions"}],"predecessor-version":[{"id":8743,"href":"https:\/\/modules.cdrq.devbeet.com\/en\/wp-json\/wp\/v2\/pages\/639\/revisions\/8743"}],"wp:featuredmedia":[{"embeddable":true,"href":"https:\/\/modules.cdrq.devbeet.com\/en\/wp-json\/wp\/v2\/media\/601"}],"wp:attachment":[{"href":"https:\/\/modules.cdrq.devbeet.com\/en\/wp-json\/wp\/v2\/media?parent=639"}],"curies":[{"name":"wp","href":"https:\/\/api.w.org\/{rel}","templated":true}]}}